{"id":117,"date":"2018-09-16T17:09:41","date_gmt":"2018-09-16T17:09:41","guid":{"rendered":"http:\/\/talleresalvaro.es\/?page_id=117"},"modified":"2018-09-21T09:29:17","modified_gmt":"2018-09-21T09:29:17","slug":"montajes-mecanicos","status":"publish","type":"page","link":"https:\/\/talleresalvaro.es\/?page_id=117","title":{"rendered":"Montajes mec\u00e1nicos"},"content":{"rendered":"&nbsp;\r\n\r\n\r\n<p style=\"text-align: justify;\">En Talleres \u00c1lvaro podemos dar soluci\u00f3n a la necesidad de realizar montajes mec\u00e1nicos de distinto tipo. Colaboramos con ingenier\u00edas que necesitan de la construcci\u00f3n de maquinaria con unas caracter\u00edsticas espec\u00edficas sobre planos concretos.&nbsp;<\/p>\r\n<p style=\"text-align: justify;\">M\u00e1ndenos sus planos y haga sus m\u00e1quinas realidad.&nbsp;<\/p>\r\n<div class=\"rl-gallery-container rl-loading\" id=\"rl-gallery-container-1\" data-gallery_id=\"271\"> <div class=\"rl-gallery rl-basicgrid-gallery \" id=\"rl-gallery-1\" data-gallery_no=\"1\"> <div class=\"rl-gallery-item\"><a href=\"https:\/\/talleresalvaro.es\/wp-content\/uploads\/2018\/09\/2012-08-09-13.24.19-768x576.jpg\" title=\"Construcci\u00f3n de maquinaria s\/plano.\" data-rl_title=\"Construcci\u00f3n de maquinaria s\/plano.\" class=\"rl-gallery-link\" data-rl_caption=\"\" data-rel=\"lightbox-gallery-1\"><img src=\"https:\/\/talleresalvaro.es\/wp-content\/uploads\/2018\/09\/2012-08-09-13.24.19-300x225.jpg\" width=\"300\" height=\"225\" \/><\/a><\/div><div class=\"rl-gallery-item\"><a href=\"https:\/\/talleresalvaro.es\/wp-content\/uploads\/2018\/09\/2013-07-17-16.52.26-768x576.jpg\" title=\"Construcci\u00f3n de maquinaria s\/plano.\" data-rl_title=\"Construcci\u00f3n de maquinaria s\/plano.\" class=\"rl-gallery-link\" data-rl_caption=\"\" data-rel=\"lightbox-gallery-1\"><img src=\"https:\/\/talleresalvaro.es\/wp-content\/uploads\/2018\/09\/2013-07-17-16.52.26-300x225.jpg\" width=\"300\" height=\"225\" \/><\/a><\/div><div class=\"rl-gallery-item\"><a href=\"https:\/\/talleresalvaro.es\/wp-content\/uploads\/2018\/09\/Molino-768x534.jpg\" title=\"Tambor para filtro.\" data-rl_title=\"Tambor para filtro.\" class=\"rl-gallery-link\" data-rl_caption=\"\" data-rel=\"lightbox-gallery-1\"><img src=\"https:\/\/talleresalvaro.es\/wp-content\/uploads\/2018\/09\/Molino-300x209.jpg\" width=\"300\" height=\"209\" \/><\/a><\/div> <\/div> <\/div>\r\n\r\n","protected":false},"excerpt":{"rendered":"<p>&nbsp; En Talleres \u00c1lvaro podemos dar soluci\u00f3n a la necesidad de realizar montajes mec\u00e1nicos de distinto tipo. Colaboramos con ingenier\u00edas que necesitan de la construcci\u00f3n de maquinaria con unas caracter\u00edsticas espec\u00edficas sobre planos concretos.&nbsp; M\u00e1ndenos sus planos y haga sus m\u00e1quinas realidad.&nbsp;<\/p>\n","protected":false},"author":1,"featured_media":272,"parent":0,"menu_order":0,"comment_status":"closed","ping_status":"closed","template":"","meta":[],"_links":{"self":[{"href":"https:\/\/talleresalvaro.es\/index.php?rest_route=\/wp\/v2\/pages\/117"}],"collection":[{"href":"https:\/\/talleresalvaro.es\/index.php?rest_route=\/wp\/v2\/pages"}],"about":[{"href":"https:\/\/talleresalvaro.es\/index.php?rest_route=\/wp\/v2\/types\/page"}],"author":[{"embeddable":true,"href":"https:\/\/talleresalvaro.es\/index.php?rest_route=\/wp\/v2\/users\/1"}],"replies":[{"embeddable":true,"href":"https:\/\/talleresalvaro.es\/index.php?rest_route=%2Fwp%2Fv2%2Fcomments&post=117"}],"version-history":[{"count":3,"href":"https:\/\/talleresalvaro.es\/index.php?rest_route=\/wp\/v2\/pages\/117\/revisions"}],"predecessor-version":[{"id":276,"href":"https:\/\/talleresalvaro.es\/index.php?rest_route=\/wp\/v2\/pages\/117\/revisions\/276"}],"wp:featuredmedia":[{"embeddable":true,"href":"https:\/\/talleresalvaro.es\/index.php?rest_route=\/wp\/v2\/media\/272"}],"wp:attachment":[{"href":"https:\/\/talleresalvaro.es\/index.php?rest_route=%2Fwp%2Fv2%2Fmedia&parent=117"}],"curies":[{"name":"wp","href":"https:\/\/api.w.org\/{rel}","templated":true}]}}