{"id":12,"date":"2018-09-12T12:52:09","date_gmt":"2018-09-12T12:52:09","guid":{"rendered":"http:\/\/talleresalvaro.es\/?page_id=12"},"modified":"2018-09-12T12:52:09","modified_gmt":"2018-09-12T12:52:09","slug":"politica-de-privacidad","status":"publish","type":"page","link":"https:\/\/talleresalvaro.es\/?page_id=12","title":{"rendered":"Pol\u00edtica de privacidad"},"content":{"rendered":"\n<p>\n\tTalleres Alvaro, S.L. informa a los usuarios del sitio web sobre su pol\u00edtica respecto del tratamiento y protecci\u00f3n de los datos de car\u00e1cter personal de los usuarios y clientes que puedan ser recabados por la navegaci\u00f3n o contrataci\u00f3n de servicios a trav\u00e9s de su sitio web.\n<\/p>\n\n<p>\n\tEn este sentido, Talleres Alvaro, S.L. garantiza el cumplimiento de la normativa vigente en materia de protecci\u00f3n de datos personales, reflejada en la Ley Org\u00e1nica 15\u20441999, de 13 de diciembre, de Protecci\u00f3n de Datos de Car\u00e1cter Personal (LOPD), y al Real Decreto 1720\u20442007, de 21 de diciembre, conocido como el Reglamento de desarrollo de la LOPD. Cumple tambi\u00e9n con el Reglamento (UE) 2016\u2044679 del Parlamento Europeo y del Consejo de 27 de abril de 2016 relativo a la protecci\u00f3n de las personas f\u00edsicas (RGPD).\n<\/p>\n\n\n\n<p>\n\tEl uso de esta web implica la aceptaci\u00f3n de esta pol\u00edtica de privacidad.\t\n<\/p>\n\n<h2>Identidad del responsable<\/h2>\n<p>\n\t<ul>\n\t\t<li><b>Titular:<\/b> Talleres Alvaro, S.L.<\/li>\n\t\t<li><b>NIF\/CIF:<\/b> B39369764<\/li>\n\t\t<li><b>Domicilio:<\/b>  B\u00ba La Venta, S-12,  Cantabria - Espa\u00f1a.<\/li>\n\t\t<li><b>Correo electr\u00f3nico:<\/b> oficina@talleresalvaro.es<\/li>\n\t<\/ul>\n<\/p>\n\n\n\n<h2>Principios que aplicaremos a tu informaci\u00f3n personal<\/h2>\n<p>\n\tEn el tratamiento de tus datos personales, aplicaremos los siguientes principios que se ajustan a las exigencias del nuevo reglamento europeo de protecci\u00f3n de datos:\n<\/p>\n\n<p>\n\t<ul>\n\t\t<li>\n\t\t\t<b>Principio de licitud, lealtad y transparencia:<\/b> Siempre vamos a requerir tu consentimiento para el tratamiento de tus datos personales para uno o varios fines espec\u00edficos que te informaremos previamente con absoluta transparencia.\n\t\t<\/li>\n\t\t<li>\n\t\t\t<b>Principio de minimizaci\u00f3n de datos:<\/b> Solo vamos a solicitar datos estrictamente necesarios en relaci\u00f3n con los fines para los que los requerimos. Los m\u00ednimos posibles.\n\t\t<\/li>\t\n\t\t<li>\n\t\t\t<b>Principio de limitaci\u00f3n del plazo de conservaci\u00f3n:<\/b> Los datos ser\u00e1n mantenidos durante no m\u00e1s tiempo del necesario para los fines del tratamiento, en funci\u00f3n a la finalidad, te informaremos del plazo de conservaci\u00f3n correspondiente, en el caso de suscripciones, peri\u00f3dicamente revisaremos nuestras listas y eliminaremos aquellos registros inactivos durante un tiempo considerable.\n\t\t<\/li>\n\t\t<li>\n\t\t\t<b>Principio de integridad y confidencialidad:<\/b> Tus datos ser\u00e1n tratados de tal manera que se garantice una seguridad adecuada de los datos personales y se garantice confidencialidad. Debes saber que tomamos todas las precauciones necesarias para evitar el acceso no autorizado o uso indebido de los datos de nuestros usuarios por parte de terceros.\n\t\t<\/li>\n\t<\/ul>\n<\/p>\n\n\n\n<h2>\u00bfC\u00f3mo hemos obtenido tus datos?<\/h2>\n<p>\n\tPara que puedas navegar por <a rel=\"nofollow\" href=\"https:\/\/talleresalvaro.es\">https:\/\/talleresalvaro.es<\/a>, no es necesario que facilites ning\u00fan dato personal.\n<\/p>\n<p>\n\tLos casos en los que si me das tus datos son los siguientes:\n<\/p>\n<p>\n\t<ul>\n\t\t<li>Al contactar a trav\u00e9s de los formularios de contacto o enviarme un correo electr\u00f3nico.<\/li>\n\t\t<li>Al realizar un comentario en un art\u00edculo o p\u00e1gina.<\/li>\n\t\t\n\t\t\t\n\t<\/ul>\n<\/p>\n\n\n<h2>\u00bfCu\u00e1les son tus derechos cuando nos facilitas tus datos?<\/h2>\n<p>\n\tLas personas interesadas tienen derecho a:\n<\/p>\n<p>\n\t<ul>\n\t\t<li>Solicitar el acceso a los datos personales relativos al interesado.<\/li>\n\t\t<li>Solicitar su rectificaci\u00f3n o supresi\u00f3n.<\/li>\n\t\t<li>Solicitar la limitaci\u00f3n de su tratamiento.<\/li>\n\t\t<li>Oponerse al tratamiento.<\/li>\n\t\t\n\t<\/ul>\n<\/p>\n<p>\n\tNo se puede ejercitar el derecho a la portabilidad de los datos.\n<\/p>\n\n<p>\n\tEl ejercicio de estos derechos es personal y debe por tanto ser ejercido directamente por el interesado, solicit\u00e1ndolo directamente a Talleres Alvaro, S.L., lo que significa que cualquier cliente, suscriptor o colaborador que me haya facilitado sus datos en alg\u00fan momento, puede dirigirse a Talleres Alvaro, S.L. y pedirme informaci\u00f3n sobre los datos que tengo almacenados y c\u00f3mo los he obtenido (derecho de acceso), puede solicitar la rectificaci\u00f3n de los mismos, oponerse al tratamito, que limite su uso o en su caso la cancelaci\u00f3n de esos datos en mis ficheros.\n<\/p>\n<p>\n\tPuedes enviar cualquier petici\u00f3n de este tipo y ejercitar los derechos de acceso, rectificaci\u00f3n, cancelaci\u00f3n y oposici\u00f3n a trav\u00e9s de \n\t\tcorreo electr\u00f3nico enviando un correo electr\u00f3nico a oficina@talleresalvaro.es junto con la prueba v\u00e1lida en derecho como una fotocopia del D.N.I. o equivalente.\n<\/p>\n<p>\n\tLos interesados tambi\u00e9n tendr\u00e1n derecho a la tutela judicial efectiva y a presentar una reclamaci\u00f3n ante la autoridad de control, en este caso, la Agencia Espa\u00f1ola de Protecci\u00f3n de Datos, si consideran que el tratamiento de datos personales que le conciernen infringe el Reglamento.\n<\/p>\n\n\n\n<h2>\u00bfCon qu\u00e9 finalidad tratamos tus datos personales?<\/h2>\n<p>\n\tCuando un usuario se conecta a <a rel=\"nofollow\" href=\"https:\/\/talleresalvaro.es\">https:\/\/talleresalvaro.es<\/a> para mandar un correo al titular, suscribirse o realizar alguna contrataci\u00f3n, est\u00e1 facilitando informaci\u00f3n de car\u00e1cter personal de la que es responsable Talleres Alvaro, S.L.. Esa informaci\u00f3n puede incluir datos de car\u00e1cter personal como pueden ser tu direcci\u00f3n IP, nombre, direcci\u00f3n f\u00edsica, direcci\u00f3n de correo electr\u00f3nico, n\u00famero de tel\u00e9fono, y otra informaci\u00f3n. Al facilitar esta informaci\u00f3n, el usuario da su consentimiento para que su informaci\u00f3n sea recopilada, utilizada, gestionada y almacenada por \n\thttps:\/\/www.strato.es\/proteccion-de-datos\/\n\t, \n\t\ts\u00f3lo como se describe en el <a rel=\"nofollow\" href=\"https:\/\/talleresalvaro.es\/?page_id=24\">Aviso Legal<\/a> y en la presente <a rel=\"nofollow\" href=\"https:\/\/talleresalvaro.es\/?page_id=12\">Pol\u00edtica de Privacidad<\/a>.\n<\/p>\n<p>\n\tEn <a rel=\"nofollow\" href=\"https:\/\/talleresalvaro.es\">https:\/\/talleresalvaro.es<\/a> existen diferentes sistemas de captura de informaci\u00f3n personal y tratamos la informaci\u00f3n que nos facilitan las personas interesadas con el siguiente fin por cada sistema de captura (formularios):\n<\/p>\n<p>\n\t<ul>\n\t\t<li>\n\t\t\t<b>Formularios de contacto:<\/b> Solicitamos los siguientes datos personales: Nombre, Email, Tel\u00e9fono, web y en qu\u00e9 pueden ayudarte, para responder a los requerimientos de los usuarios de <a href=\"https:\/\/talleresalvaro.es\" rel=\"nofollow\">https:\/\/talleresalvaro.es<\/a>.<br>\n\t\t\tPor ejemplo, podemos utilizar esos datos para responder a tu solicitud y dar respuesta a las dudas, quejas, comentarios o inquietudes que puedas tener relativas a la informaci\u00f3n incluida en la web, los servicios que se prestan a trav\u00e9s de la web, el tratamiento de sus datos personales, cuestiones referentes a los textos legales incluidos en la web, as\u00ed como cualesquiera otras consultas que puedas tener y que no est\u00e9n sujetas a las condiciones de contrataci\u00f3n. \n\t\t<\/li>\n\t<\/ul>\t\n<\/p>\n<p>\t\t\n\tExisten otras finalidades por la que tratamos tus datos personales:\n<\/p>\n<p>\n\t<ul>\n\t\t<li>\n\t\t\tPara garantizar el cumplimiento de las condiciones de uso y la ley aplicable. Esto puede incluir el desarrollo de herramientas y algoritmos que ayudan a esta web a garantizar la confidencialidad de los datos personales que recoge.\n\t\t<\/li>\n\t\t<li>\n\t\t\tPara apoyar y mejorar los servicios que ofrece esta web.\n\t\t<\/li>\n\t\t<li>\n\t\t\tTambi\u00e9n se recogen otros datos no identificativos que se obtienen mediante algunas cookies que se descargan en el ordenador del usuario cuando navega en esta web, y que detallamos en la pol\u00edtica de cookies.\n\t\t<\/li>\n\t\t<li>\n\t\t\tPara gestionar las redes sociales. Talleres Alvaro, S.L. puede tener presencia en redes sociales. El tratamiento de los datos que se lleve a cabo de las personas que se hagan seguidoras en las redes sociales de las p\u00e1ginas oficiales de Talleres Alvaro, S.L., se regir\u00e1 por este apartado. As\u00ed como por aquellas condiciones de uso, pol\u00edticas de privacidad y normativas de acceso que pertenezcan a la red social que proceda en cada caso y aceptadas previamente por el usuario. Talleres Alvaro, S.L. tratar\u00e1 sus datos con las finalidades de administrar correctamente su presencia en la red social, informando de actividades, productos o servicios de Talleres Alvaro, S.L.. As\u00ed como para cualquier otra finalidad que las normativas de las redes sociales permitan. En ning\u00fan caso utilizar\u00e9 los perfiles de seguidores en redes sociales para enviar publicidad de manera individual.\n\t\t<\/li>\n\t<\/ul>\n<\/p>\n\n\n<h2>C\u00f3mo protegemos tus datos<\/h2>\n\n\t<p>\n\t\tEste sitio web se encuentra alojado en https:\/\/www.strato.es\/proteccion-de-datos\/. La seguridad de tus datos est\u00e1 garantizada, ya que toman todas las medidas de seguridad necesarias para ello. Puedes consultar su pol\u00edtica de privacidad para tener m\u00e1s informaci\u00f3n.\n\t<\/p>\n<p>\n\tPara proteger tu informaci\u00f3n personal, tomamos precauciones razonables y seguimos las mejores pr\u00e1cticas de la industria para asegurarnos de que no haya p\u00e9rdida de manera inapropiada, mal uso, acceso, divulgaci\u00f3n, alteraci\u00f3n o destrucci\u00f3n de la misma.\n<\/p>\n\n\t<p>\n\t\tTalleres Alvaro, S.L. informa a los usuarios de que sus datos personales no ser\u00e1n cedidos a terceras organizaciones, con la salvedad de que dicha cesi\u00f3n de datos este amparada en una obligaci\u00f3n legal o cuando la prestaci\u00f3n de un servicio implique la necesidad de una relaci\u00f3n contractual con un encargado de tratamiento. En este \u00faltimo caso, solo se llevar\u00e1 a cabo la cesi\u00f3n de datos al tercero cuando Talleres Alvaro, S.L. disponga del consentimiento expreso del usuario.\n\t<\/p>\n\t<p>\n\t\tSin embargo, en algunos casos se pueden realizar colaboraciones con otros profesionales, en esos casos, se requerir\u00e1 consentimiento a los usuarios informando sobre la identidad del colaborador y la finalidad de la colaboraci\u00f3n. Siempre se realizar\u00e1 con los m\u00e1s estrictos est\u00e1ndares de seguridad.\n\t<\/p>\n\n\n<h2>Contenido de otros sitios web<\/h2>\n<p>\n\tLos art\u00edculos de este sitio pueden incluir contenido incrustado (por ejemplo, v\u00eddeos, im\u00e1genes, art\u00edculos, etc.). El contenido incrustado de otras web se comporta exactamente de la misma manera que si el visitante hubiera visitado la otra web.\n<\/p>\n<p>\n\tEstas web pueden recopilar datos sobre ti, utilizar cookies, incrustar un seguimiento adicional de terceros, y supervisar tu interacci\u00f3n con ese contenido incrustado, incluido el seguimiento de su interacci\u00f3n con el contenido incrustado si tienes una cuenta y est\u00e1s conectado a esa web.\n<\/p>\n\n\n<h2>Cookies<\/h2>\n<p>\n\tTe informo que para que el sitio funcione correctamente necesita utilizar cookies, que es informaci\u00f3n que se almacena en tu navegador para facilitar la navegaci\u00f3n. \n\t\n\t<p>\n\t\tPuede consultar aqu\u00ed <a target=\"_blank\" rel=\"nofollow\" href=\"https:\/\/talleresalvaro.es\/?page_id=25\"> la pol\u00edtica de cookies<\/a>.\n\t<\/p>\n<\/p>\n\n\n\n<h2>Legitimaci\u00f3n para el tratamiento de tus datos<\/h2>\n<p>\n\tLa base legal para el tratamiento de sus datos es: el consentimiento.\n<\/p>\n<p>\n\tPara contactar o realizar comentarios en esta web se requiere la aceptaci\u00f3n de esta pol\u00edtica de privacidad.\n<\/p>\n\n\n\n<h2>Categor\u00eda de datos<\/h2>\n<p>\n\t<ul>\t\t\n\t\t<li>Las categor\u00edas de datos que se tratan son datos identificativos.<\/li>\n\t\t<li>No se tratan categor\u00edas de datos especialmente protegidos.<\/li>\n\t<\/ul>\n<\/p>\n\n\n<h2>\u00bfPor cu\u00e1nto tiempo conservaremos tus datos?<\/h2>\n<p>\n\tLos datos personales proporcionados se conservar\u00e1n hasta que se solicite su supresi\u00f3n por el interesado.\n<\/p>\n\n\n<h2>\u00bfA qu\u00e9 destinatarios se comunicar\u00e1n tus datos?<\/h2>\n<p>\n\t<ul>\t\n\t<\/ul>\n\n<\/p>\n\n\n<h2>Navegaci\u00f3n Web<\/h2>\n<p>\n\tAl navegar por <a href=\"https:\/\/talleresalvaro.es\" rel=\"nofollow\">https:\/\/talleresalvaro.es<\/a> se pueden recoger datos no identificables, que pueden incluir, direcciones IP, ubicaci\u00f3n geogr\u00e1fica (aproximadamente), un registro de c\u00f3mo se utilizan los servicios y sitios, y otros datos que no pueden ser utilizados para identificar al usuario. Entre los datos no identificativos est\u00e1n tambi\u00e9n los relacionados a tus h\u00e1bitos de navegaci\u00f3n a trav\u00e9s de servicios de terceros.\n<\/p>\n\n<p>\n\tEstas webs utilizan los siguientes servicios de an\u00e1lisis de terceros:\n<\/p>\n\n<p>\n\t<ul>\n\t\t\n\t\t\n\t<\/ul>\n<\/p>\n<p>\n\tUtilizamos esta informaci\u00f3n para analizar tendencias, administrar el sitio, rastrear los movimientos de los usuarios alrededor del sitio y para recopilar informaci\u00f3n demogr\u00e1fica sobre nuestra base de usuarios en su conjunto.\n<\/p>\n\n<h2>Exactitud y veracidad de los datos<\/h2>\n<p>\n\tComo usuario, eres el \u00fanico responsable de la veracidad y correcci\u00f3n de los datos que remitas a Talleres Alvaro, S.L. exonerando a Talleres Alvaro, S.L., de cualquier responsabilidad al respecto.\n<\/p>\n<p>\n\tLos usuarios garantizan y responden, en cualquier caso, de la exactitud, vigencia y autenticidad de los datos personales facilitados, y se comprometen a mantenerlos debidamente actualizados. El usuario acepta proporcionar informaci\u00f3n completa y correcta en el formulario de contacto o suscripci\u00f3n.\n<\/p>\n\n\n<h2>Aceptaci\u00f3n y consentimiento<\/h2>\n<p>\n\tEl usuario declara haber sido informado de las condiciones sobre protecci\u00f3n de datos de car\u00e1cter personal, aceptando y consintiendo el tratamiento de los mismos por parte de Talleres Alvaro, S.L. en la forma y para las finalidades indicadas en esta pol\u00edtica de privacidad.\n<\/p>\n\n\n<h2>Revocabilidad<\/h2>\n<p>\n\tEn todo momento, los usuarios que quieran acceder a sus datos, rectificarlos o cancelarlos me pueden mandar un email a oficina@talleresalvaro.es y les explicar\u00e9 como ejercer sus derechos de oposici\u00f3n, acceso e informaci\u00f3n, rectificaci\u00f3n, cancelaci\u00f3n de sus datos y revocaci\u00f3n de su autorizaci\u00f3n.\n<\/p>\n\n<p>\n\tEsto no incluye ning\u00fan dato que estemos obligados a conservar con fines administrativos, legales o de seguridad.\n<\/p>\n\n\n\n<h2>Cambios en la pol\u00edtica de privacidad<\/h2>\n<p>\n\tTalleres Alvaro, S.L. se reserva el derecho a modificar la presente pol\u00edtica para adaptarla a novedades legislativas o jurisprudenciales, as\u00ed como a pr\u00e1cticas de la industria. En dichos supuestos, Talleres Alvaro, S.L. anunciar\u00e1 en esta p\u00e1gina los cambios introducidos con razonable antelaci\u00f3n a su puesta en pr\u00e1ctica.\n<\/p>\n\n\n<h2>Qui\u00e9nes somos<\/h2>\n<p>La direcci\u00f3n de nuestra web es: http:\/\/talleresalvaro.es.<\/p>\n<h2>Qu\u00e9 datos personales recogemos y por qu\u00e9 los recogemos<\/h2>\n<h3>Comentarios<\/h3>\n<p>Cuando los visitantes dejan comentarios en la web, recopilamos los datos que se muestran en el formulario de comentarios, as\u00ed como la direcci\u00f3n IP del visitante y la cadena de agentes de usuario del navegador para ayudar a la detecci\u00f3n de spam.<\/p>\n<p>Una cadena an\u00f3nima creada a partir de tu direcci\u00f3n de correo electr\u00f3nico (tambi\u00e9n llamada hash) puede ser proporcionada al servicio de Gravatar para ver si la est\u00e1s usando. La pol\u00edtica de privacidad del servicio Gravatar est\u00e1 disponible aqu\u00ed: https:\/\/automattic.com\/privacy\/. Despu\u00e9s de la aprobaci\u00f3n de tu comentario, la imagen de tu perfil es visible para el p\u00fablico en el contexto de su comentario.<\/p>\n<h3>Medios<\/h3>\n<p>Si subes im\u00e1genes a la web deber\u00edas evitar subir im\u00e1genes con datos de ubicaci\u00f3n (GPS EXIF) incluidos. Los visitantes de la web pueden descargar y extraer cualquier dato de localizaci\u00f3n de las im\u00e1genes de la web.<\/p>\n<h3>Formularios de contacto<\/h3>\n<h3>Cookies<\/h3>\n<p>Si dejas un comentario en nuestro sitio puedes elegir guardar tu nombre, direcci\u00f3n de correo electr\u00f3nico y web en cookies. Esto es para tu comodidad, para que no tengas que volver a rellenar tus datos cuando dejes otro comentario. Estas cookies tendr\u00e1n una duraci\u00f3n de un a\u00f1o.<\/p>\n<p>Si tienes una cuenta y te conectas a este sitio, instalaremos una cookie temporal para determinar si tu navegador acepta cookies. Esta cookie no contiene datos personales y se elimina al cerrar el navegador.<\/p>\n<p>Cuando inicias sesi\u00f3n, tambi\u00e9n instalaremos varias cookies para guardar tu informaci\u00f3n de inicio de sesi\u00f3n y tus opciones de visualizaci\u00f3n de pantalla. Las cookies de inicio de sesi\u00f3n duran dos d\u00edas, y las cookies de opciones de pantalla duran un a\u00f1o. Si seleccionas \u00abRecordarme\u00bb, tu inicio de sesi\u00f3n perdurar\u00e1 durante dos semanas. Si sales de tu cuenta, las cookies de inicio de sesi\u00f3n se eliminar\u00e1n.<\/p>\n<p>Si editas o publicas un art\u00edculo se guardar\u00e1 una cookie adicional en tu navegador. Esta cookie no incluye datos personales y simplemente indica el ID del art\u00edculo que acabas de editar. Caduca despu\u00e9s de 1 d\u00eda.<\/p>\n<h3>Contenido incrustado de otros sitios web<\/h3>\n<p>Los art\u00edculos de este sitio pueden incluir contenido incrustado (por ejemplo, v\u00eddeos, im\u00e1genes, art\u00edculos, etc.). El contenido incrustado de otras web se comporta exactamente de la misma manera que si el visitante hubiera visitado la otra web.<\/p>\n<p>Estas web pueden recopilar datos sobre ti, utilizar cookies, incrustar un seguimiento adicional de terceros, y supervisar tu interacci\u00f3n con ese contenido incrustado, incluido el seguimiento de tu interacci\u00f3n con el contenido incrustado si tienes una cuenta y est\u00e1s conectado a esa web.<\/p>\n<h3>Anal\u00edtica<\/h3>\n<h2>Con qui\u00e9n compartimos tus datos<\/h2>\n<h2>Cu\u00e1nto tiempo conservamos tus datos<\/h2>\n<p>Si dejas un comentario, el comentario y sus metadatos se conservan indefinidamente. Esto es para que podamos reconocer y aprobar comentarios sucesivos autom\u00e1ticamente en lugar de mantenerlos en una cola de moderaci\u00f3n.<\/p>\n<p>De los usuarios que se registran en nuestra web (si los hay), tambi\u00e9n almacenamos la informaci\u00f3n personal que proporcionan en su perfil de usuario. Todos los usuarios pueden ver, editar o eliminar su informaci\u00f3n personal en cualquier momento (excepto que no pueden cambiar su nombre de usuario). Los administradores de la web tambi\u00e9n pueden ver y editar esa informaci\u00f3n.<\/p>\n<h2>Qu\u00e9 derechos tienes sobre tus datos<\/h2>\n<p>Si tienes una cuenta o has dejado comentarios en esta web, puedes solicitar recibir un archivo de exportaci\u00f3n de los datos personales que tenemos sobre ti, incluyendo cualquier dato que nos hayas proporcionado. Tambi\u00e9n puedes solicitar que eliminemos cualquier dato personal que tengamos sobre ti. Esto no incluye ning\u00fan dato que estemos obligados a conservar con fines administrativos, legales o de seguridad.<\/p>\n<h2>D\u00f3nde enviamos tus datos<\/h2>\n<p>Los comentarios de los visitantes puede que los revise un servicio de detecci\u00f3n autom\u00e1tica de spam.<\/p>\n<h2>Tu informaci\u00f3n de contacto<\/h2>\n<p>Datos de contacto para ejercer sus derechos:<\/p>\n<p>Titular: TALLERES ALVARO, S.L. Domicilio social: B\u00ba La Venta, S-12, 39312 \u2013 Rumoroso \u2013 Cantabria \u2013 Espa\u00f1a<\/p>\n<p>Tel\u00e9fono y fax: +34 942 845043<\/p>\n<p>E-mail: <a href=\"mailto:oficina@talleresalvaro.es\">oficina@talleresalvaro.es<\/a><\/p>\n<h3><\/h3>\n","protected":false},"excerpt":{"rendered":"<p>Talleres Alvaro, S.L. informa a los usuarios del sitio web sobre su pol\u00edtica respecto del tratamiento y protecci\u00f3n de los datos de car\u00e1cter personal de los usuarios y clientes que puedan ser recabados por la navegaci\u00f3n o contrataci\u00f3n de servicios a trav\u00e9s de su sitio web. En este sentido, Talleres Alvaro, S.L. garantiza el cumplimiento [&hellip;]<\/p>\n","protected":false},"author":1,"featured_media":0,"parent":0,"menu_order":0,"comment_status":"closed","ping_status":"closed","template":"","meta":[],"_links":{"self":[{"href":"https:\/\/talleresalvaro.es\/index.php?rest_route=\/wp\/v2\/pages\/12"}],"collection":[{"href":"https:\/\/talleresalvaro.es\/index.php?rest_route=\/wp\/v2\/pages"}],"about":[{"href":"https:\/\/talleresalvaro.es\/index.php?rest_route=\/wp\/v2\/types\/page"}],"author":[{"embeddable":true,"href":"https:\/\/talleresalvaro.es\/index.php?rest_route=\/wp\/v2\/users\/1"}],"replies":[{"embeddable":true,"href":"https:\/\/talleresalvaro.es\/index.php?rest_route=%2Fwp%2Fv2%2Fcomments&post=12"}],"version-history":[{"count":1,"href":"https:\/\/talleresalvaro.es\/index.php?rest_route=\/wp\/v2\/pages\/12\/revisions"}],"predecessor-version":[{"id":13,"href":"https:\/\/talleresalvaro.es\/index.php?rest_route=\/wp\/v2\/pages\/12\/revisions\/13"}],"wp:attachment":[{"href":"https:\/\/talleresalvaro.es\/index.php?rest_route=%2Fwp%2Fv2%2Fmedia&parent=12"}],"curies":[{"name":"wp","href":"https:\/\/api.w.org\/{rel}","templated":true}]}}