{"id":121,"date":"2018-09-16T17:10:36","date_gmt":"2018-09-16T17:10:36","guid":{"rendered":"http:\/\/talleresalvaro.es\/?page_id=121"},"modified":"2018-09-21T09:54:03","modified_gmt":"2018-09-21T09:54:03","slug":"transformacion-de-chapa","status":"publish","type":"page","link":"https:\/\/talleresalvaro.es\/?page_id=121","title":{"rendered":"Transformaci\u00f3n de chapa"},"content":{"rendered":"<p style=\"text-align: justify;\">En Talleres \u00c1lvaro somos especialistas en construcci\u00f3n de abrazaderas de todos los di\u00e1metros y en todas las calidades. As\u00ed mismo realizamos todo tipo de transformaci\u00f3n de chapas para dar respuesta a sus necesidades. Realizamos curvados tanto de chapas como de tuber\u00edas, corte, torsionado art\u00edstico, etc.&nbsp;<\/p>\n<p style=\"text-align: justify;\">D\u00edganos en que quiere transformar su idea y nosotros lo realizaremos.&nbsp;<\/p>\n<div class=\"rl-gallery-container rl-loading\" id=\"rl-gallery-container-1\" data-gallery_id=\"277\"> <div class=\"rl-gallery rl-basicgrid-gallery \" id=\"rl-gallery-1\" data-gallery_no=\"1\"> <div class=\"rl-gallery-item\"><a href=\"https:\/\/talleresalvaro.es\/wp-content\/uploads\/2018\/09\/IMG-20160429-WA0001-768x1024.jpg\" title=\"Curvado de rejilla para filtro.\" data-rl_title=\"Curvado de rejilla para filtro.\" class=\"rl-gallery-link\" data-rl_caption=\"\" data-rel=\"lightbox-gallery-1\"><img src=\"https:\/\/talleresalvaro.es\/wp-content\/uploads\/2018\/09\/IMG-20160429-WA0001-225x300.jpg\" width=\"225\" height=\"300\" \/><\/a><\/div><div class=\"rl-gallery-item\"><a href=\"https:\/\/talleresalvaro.es\/wp-content\/uploads\/2018\/09\/2014-06-10-14.31.26-768x576.jpg\" title=\"Abrazaderas.\" data-rl_title=\"Abrazaderas.\" class=\"rl-gallery-link\" data-rl_caption=\"\" data-rel=\"lightbox-gallery-1\"><img src=\"https:\/\/talleresalvaro.es\/wp-content\/uploads\/2018\/09\/2014-06-10-14.31.26-300x225.jpg\" width=\"300\" height=\"225\" \/><\/a><\/div><div class=\"rl-gallery-item\"><a href=\"https:\/\/talleresalvaro.es\/wp-content\/uploads\/2018\/09\/IMG_20160502_095452-768x576.jpg\" title=\"Rejilla protectora para filtro.\" data-rl_title=\"Rejilla protectora para filtro.\" class=\"rl-gallery-link\" data-rl_caption=\"\" data-rel=\"lightbox-gallery-1\"><img src=\"https:\/\/talleresalvaro.es\/wp-content\/uploads\/2018\/09\/IMG_20160502_095452-300x225.jpg\" width=\"300\" height=\"225\" \/><\/a><\/div><div class=\"rl-gallery-item\"><a href=\"https:\/\/talleresalvaro.es\/wp-content\/uploads\/2018\/09\/Abrazaderas-Acero-Inoxidable.jpg\" title=\"Abrazaderas.\" data-rl_title=\"Abrazaderas.\" class=\"rl-gallery-link\" data-rl_caption=\"\" data-rel=\"lightbox-gallery-1\"><img src=\"https:\/\/talleresalvaro.es\/wp-content\/uploads\/2018\/09\/Abrazaderas-Acero-Inoxidable-300x225.jpg\" width=\"300\" height=\"225\" \/><\/a><\/div><div class=\"rl-gallery-item\"><a href=\"https:\/\/talleresalvaro.es\/wp-content\/uploads\/2018\/09\/Abarcones.jpg\" title=\"Curvado.\" data-rl_title=\"Curvado.\" class=\"rl-gallery-link\" data-rl_caption=\"\" data-rel=\"lightbox-gallery-1\"><img src=\"https:\/\/talleresalvaro.es\/wp-content\/uploads\/2018\/09\/Abarcones-300x225.jpg\" width=\"300\" height=\"225\" \/><\/a><\/div><div class=\"rl-gallery-item\"><a href=\"https:\/\/talleresalvaro.es\/wp-content\/uploads\/2018\/09\/20151105_124329-768x461.jpg\" title=\"Abrazaderas.\" data-rl_title=\"Abrazaderas.\" class=\"rl-gallery-link\" data-rl_caption=\"\" data-rel=\"lightbox-gallery-1\"><img src=\"https:\/\/talleresalvaro.es\/wp-content\/uploads\/2018\/09\/20151105_124329-300x180.jpg\" width=\"300\" height=\"180\" \/><\/a><\/div><div class=\"rl-gallery-item\"><a href=\"https:\/\/talleresalvaro.es\/wp-content\/uploads\/2018\/09\/20150904_124953-768x461.jpg\" title=\"Construcci\u00f3n y curvado de tuber\u00eda.\" data-rl_title=\"Construcci\u00f3n y curvado de tuber\u00eda.\" class=\"rl-gallery-link\" data-rl_caption=\"\" data-rel=\"lightbox-gallery-1\"><img src=\"https:\/\/talleresalvaro.es\/wp-content\/uploads\/2018\/09\/20150904_124953-300x180.jpg\" width=\"300\" height=\"180\" \/><\/a><\/div><div class=\"rl-gallery-item\"><a href=\"https:\/\/talleresalvaro.es\/wp-content\/uploads\/2018\/09\/20150723_110635-768x461.jpg\" title=\"Abrazaderas inoxidable.\" data-rl_title=\"Abrazaderas inoxidable.\" class=\"rl-gallery-link\" data-rl_caption=\"\" data-rel=\"lightbox-gallery-1\"><img src=\"https:\/\/talleresalvaro.es\/wp-content\/uploads\/2018\/09\/20150723_110635-300x180.jpg\" width=\"300\" height=\"180\" \/><\/a><\/div><div class=\"rl-gallery-item\"><a href=\"https:\/\/talleresalvaro.es\/wp-content\/uploads\/2018\/09\/2013-07-11-10.05.04-768x576.jpg\" title=\"Torsionado art\u00edstico.\" data-rl_title=\"Torsionado art\u00edstico.\" class=\"rl-gallery-link\" data-rl_caption=\"\" data-rel=\"lightbox-gallery-1\"><img src=\"https:\/\/talleresalvaro.es\/wp-content\/uploads\/2018\/09\/2013-07-11-10.05.04-300x225.jpg\" width=\"300\" height=\"225\" \/><\/a><\/div> <\/div> <\/div>\n","protected":false},"excerpt":{"rendered":"<p>En Talleres \u00c1lvaro somos especialistas en construcci\u00f3n de abrazaderas de todos los di\u00e1metros y en todas las calidades. As\u00ed mismo realizamos todo tipo de transformaci\u00f3n de chapas para dar respuesta a sus necesidades. Realizamos curvados tanto de chapas como de tuber\u00edas, corte, torsionado art\u00edstico, etc.&nbsp; D\u00edganos en que quiere transformar su idea y nosotros lo [&hellip;]<\/p>\n","protected":false},"author":1,"featured_media":286,"parent":0,"menu_order":0,"comment_status":"closed","ping_status":"closed","template":"","meta":[],"_links":{"self":[{"href":"https:\/\/talleresalvaro.es\/index.php?rest_route=\/wp\/v2\/pages\/121"}],"collection":[{"href":"https:\/\/talleresalvaro.es\/index.php?rest_route=\/wp\/v2\/pages"}],"about":[{"href":"https:\/\/talleresalvaro.es\/index.php?rest_route=\/wp\/v2\/types\/page"}],"author":[{"embeddable":true,"href":"https:\/\/talleresalvaro.es\/index.php?rest_route=\/wp\/v2\/users\/1"}],"replies":[{"embeddable":true,"href":"https:\/\/talleresalvaro.es\/index.php?rest_route=%2Fwp%2Fv2%2Fcomments&post=121"}],"version-history":[{"count":3,"href":"https:\/\/talleresalvaro.es\/index.php?rest_route=\/wp\/v2\/pages\/121\/revisions"}],"predecessor-version":[{"id":288,"href":"https:\/\/talleresalvaro.es\/index.php?rest_route=\/wp\/v2\/pages\/121\/revisions\/288"}],"wp:featuredmedia":[{"embeddable":true,"href":"https:\/\/talleresalvaro.es\/index.php?rest_route=\/wp\/v2\/media\/286"}],"wp:attachment":[{"href":"https:\/\/talleresalvaro.es\/index.php?rest_route=%2Fwp%2Fv2%2Fmedia&parent=121"}],"curies":[{"name":"wp","href":"https:\/\/api.w.org\/{rel}","templated":true}]}}