{"id":124,"date":"2018-09-16T17:12:13","date_gmt":"2018-09-16T17:12:13","guid":{"rendered":"http:\/\/talleresalvaro.es\/?page_id=124"},"modified":"2019-06-13T14:16:17","modified_gmt":"2019-06-13T14:16:17","slug":"contacto","status":"publish","type":"page","link":"https:\/\/talleresalvaro.es\/?page_id=124","title":{"rendered":"Contacto"},"content":{"rendered":"<p style=\"text-align: justify;\"><strong><span style=\"font-size: 18pt;\">Contacto<\/span><\/strong><\/p>\n<p style=\"text-align: justify;\"><strong><span style=\"color: #e34040;\"><span style=\"font-size: 14pt;\">Solicita Informaci\u00f3n sobre nuestros proyectos.<\/span>&nbsp;<\/span><\/strong><\/p>\n<p style=\"text-align: justify;\">Puede llamar por tel\u00e9fono o enviarnos un correo electr\u00f3nico, estaremos encantados de atender su solicitud.&nbsp;<\/p>\n<p><span style=\"font-size: 14pt;\">&nbsp;942-84-50-43<\/span><\/p>\n<p><span style=\"font-size: 14pt;\">oficina@talleresalvaro.es<\/span><\/p>\n<p><span style=\"color: #e30000; font-size: 14pt;\"><strong>Horario de verano (a partir del 17 de julio hasta el 15 de Septiembre)<\/strong><\/span><\/p>\n<p>De Lunes a Viernes de 07:00 a 15:00 ininterrumpidamente.<\/p>\n<p>Se atender\u00e1n los correos electr\u00f3nicos y las llamadas fuera de horario.<\/p>\n<p style=\"text-align: justify;\"><span style=\"font-size: 14pt;\"><strong><span style=\"color: #de3333;\">Ven a conocernos en:&nbsp;<\/span><\/strong><\/span><\/p>\n<p style=\"text-align: justify;\">B\u00ba La venta, S-12, 39312, Rumoroso&nbsp;<\/p>\n<div id=\"attachment_311\" style=\"width: 784px\" class=\"wp-caption aligncenter\"><a href=\"https:\/\/www.google.com\/maps\/place\/Talleres+Alvaro+S+L\/@43.3953283,-4.0045412,16.38z\/data=!4m8!1m2!2m1!1sbarrio+la+venta+s-12,+39312,+rumoroso!3m4!1s0xd493f3070780f15:0xc51dcedf7aac2579!8m2!3d43.3963655!4d-3.9999495\"><img aria-describedby=\"caption-attachment-311\" loading=\"lazy\" width=\"774\" height=\"561\" class=\"wp-image-311 size-full\" alt=\"\" src=\"http:\/\/talleresalvaro.es\/wp-content\/uploads\/2018\/09\/mapa.jpg\" srcset=\"https:\/\/talleresalvaro.es\/wp-content\/uploads\/2018\/09\/mapa.jpg 774w, https:\/\/talleresalvaro.es\/wp-content\/uploads\/2018\/09\/mapa-300x217.jpg 300w, https:\/\/talleresalvaro.es\/wp-content\/uploads\/2018\/09\/mapa-768x557.jpg 768w, https:\/\/talleresalvaro.es\/wp-content\/uploads\/2018\/09\/mapa-508x368.jpg 508w\" sizes=\"(max-width: 774px) 100vw, 774px\" \/><\/a><p id=\"caption-attachment-311\" class=\"wp-caption-text\">Pincha en el mapa y te llevar\u00e1 hasta nosotros.<\/p><\/div>\n<p>&nbsp;<\/p>\n<p>&nbsp;<\/p>\n<p>&nbsp;<\/p>\n<p>&nbsp;<\/p>\n<p>&nbsp;<\/p>\n<p>&nbsp;<\/p>\n<p>&nbsp;<\/p>\n","protected":false},"excerpt":{"rendered":"<p>Contacto Solicita Informaci\u00f3n sobre nuestros proyectos.&nbsp; Puede llamar por tel\u00e9fono o enviarnos un correo electr\u00f3nico, estaremos encantados de atender su solicitud.&nbsp; &nbsp;942-84-50-43 oficina@talleresalvaro.es Horario de verano (a partir del 17 de julio hasta el 15 de Septiembre) De Lunes a Viernes de 07:00 a 15:00 ininterrumpidamente. Se atender\u00e1n los correos electr\u00f3nicos y las llamadas fuera [&hellip;]<\/p>\n","protected":false},"author":1,"featured_media":0,"parent":0,"menu_order":0,"comment_status":"closed","ping_status":"closed","template":"","meta":[],"_links":{"self":[{"href":"https:\/\/talleresalvaro.es\/index.php?rest_route=\/wp\/v2\/pages\/124"}],"collection":[{"href":"https:\/\/talleresalvaro.es\/index.php?rest_route=\/wp\/v2\/pages"}],"about":[{"href":"https:\/\/talleresalvaro.es\/index.php?rest_route=\/wp\/v2\/types\/page"}],"author":[{"embeddable":true,"href":"https:\/\/talleresalvaro.es\/index.php?rest_route=\/wp\/v2\/users\/1"}],"replies":[{"embeddable":true,"href":"https:\/\/talleresalvaro.es\/index.php?rest_route=%2Fwp%2Fv2%2Fcomments&post=124"}],"version-history":[{"count":11,"href":"https:\/\/talleresalvaro.es\/index.php?rest_route=\/wp\/v2\/pages\/124\/revisions"}],"predecessor-version":[{"id":2524,"href":"https:\/\/talleresalvaro.es\/index.php?rest_route=\/wp\/v2\/pages\/124\/revisions\/2524"}],"wp:attachment":[{"href":"https:\/\/talleresalvaro.es\/index.php?rest_route=%2Fwp%2Fv2%2Fmedia&parent=124"}],"curies":[{"name":"wp","href":"https:\/\/api.w.org\/{rel}","templated":true}]}}