{"id":2233,"date":"2019-04-29T13:24:41","date_gmt":"2019-04-29T13:24:41","guid":{"rendered":"http:\/\/talleresalvaro.es\/?page_id=2233"},"modified":"2022-10-07T09:19:07","modified_gmt":"2022-10-07T09:19:07","slug":"calidad","status":"publish","type":"page","link":"https:\/\/talleresalvaro.es\/?page_id=2233","title":{"rendered":"Calidad"},"content":{"rendered":"<p style=\"text-align: center;\">Hoy en d\u00eda para competir en el mercado es necesario tener en cuenta la calidad como factor estrat\u00e9gico de primer orden, de manera que podamos ofrecer a nuestra empresa una garant\u00eda de continuidad para el futuro.&nbsp;<\/p>\n<p style=\"text-align: center;\">Es por ello que hemos decidido implantar un Sistema de Gesti\u00f3n de Calidad que se convierta en la gu\u00eda b\u00e1sica de nuestra vida empresarial teniendo como pilares: la calidad, la mejora continua, la satisfacci\u00f3n de todas las partes interesadas y en especial de los clientes superando sus expectativas.<\/p>\n<p><a href=\"http:\/\/talleresalvaro.es\/wp-content\/uploads\/2022\/07\/Politica-de-Calidad.pdf\" target=\"_blank\" rel=\"noopener\"><img loading=\"lazy\" class=\"aligncenter wp-image-2248 size-full\" src=\"http:\/\/talleresalvaro.es\/wp-content\/uploads\/2019\/04\/Bot\u00f3n-politica-de-calidad.jpg\" alt=\"\" width=\"357\" height=\"76\" srcset=\"https:\/\/talleresalvaro.es\/wp-content\/uploads\/2019\/04\/Bot\u00f3n-politica-de-calidad.jpg 357w, https:\/\/talleresalvaro.es\/wp-content\/uploads\/2019\/04\/Bot\u00f3n-politica-de-calidad-300x64.jpg 300w\" sizes=\"(max-width: 357px) 100vw, 357px\" \/><\/a><\/p>\n<p>&nbsp;<\/p>\n<p><a href=\"http:\/\/talleresalvaro.es\/wp-content\/uploads\/2022\/10\/14649305-BUP-TALLERES-ALVARO-S.L.-ESPANOL.pdf\" target=\"_blank\" rel=\"noopener\"><img loading=\"lazy\" class=\"aligncenter wp-image-8411\" src=\"http:\/\/talleresalvaro.es\/wp-content\/uploads\/2022\/10\/Boton-certificado-iso.jpg\" alt=\"\" width=\"348\" height=\"70\" srcset=\"https:\/\/talleresalvaro.es\/wp-content\/uploads\/2022\/10\/Boton-certificado-iso.jpg 373w, https:\/\/talleresalvaro.es\/wp-content\/uploads\/2022\/10\/Boton-certificado-iso-300x60.jpg 300w\" sizes=\"(max-width: 348px) 100vw, 348px\" \/><\/a><a href=\"http:\/\/talleresalvaro.es\/wp-content\/uploads\/2022\/07\/Politica-de-Calidad.pdf\" target=\"_blank\" rel=\"noopener\"><br \/>\n<\/a><\/p>\n","protected":false},"excerpt":{"rendered":"<p>Hoy en d\u00eda para competir en el mercado es necesario tener en cuenta la calidad como factor estrat\u00e9gico de primer orden, de manera que podamos ofrecer a nuestra empresa una garant\u00eda de continuidad para el futuro.&nbsp; Es por ello que hemos decidido implantar un Sistema de Gesti\u00f3n de Calidad que se convierta en la gu\u00eda [&hellip;]<\/p>\n","protected":false},"author":1,"featured_media":0,"parent":0,"menu_order":0,"comment_status":"closed","ping_status":"closed","template":"","meta":[],"_links":{"self":[{"href":"https:\/\/talleresalvaro.es\/index.php?rest_route=\/wp\/v2\/pages\/2233"}],"collection":[{"href":"https:\/\/talleresalvaro.es\/index.php?rest_route=\/wp\/v2\/pages"}],"about":[{"href":"https:\/\/talleresalvaro.es\/index.php?rest_route=\/wp\/v2\/types\/page"}],"author":[{"embeddable":true,"href":"https:\/\/talleresalvaro.es\/index.php?rest_route=\/wp\/v2\/users\/1"}],"replies":[{"embeddable":true,"href":"https:\/\/talleresalvaro.es\/index.php?rest_route=%2Fwp%2Fv2%2Fcomments&post=2233"}],"version-history":[{"count":21,"href":"https:\/\/talleresalvaro.es\/index.php?rest_route=\/wp\/v2\/pages\/2233\/revisions"}],"predecessor-version":[{"id":8418,"href":"https:\/\/talleresalvaro.es\/index.php?rest_route=\/wp\/v2\/pages\/2233\/revisions\/8418"}],"wp:attachment":[{"href":"https:\/\/talleresalvaro.es\/index.php?rest_route=%2Fwp%2Fv2%2Fmedia&parent=2233"}],"curies":[{"name":"wp","href":"https:\/\/api.w.org\/{rel}","templated":true}]}}