{"id":24,"date":"2018-09-14T10:52:54","date_gmt":"2018-09-14T10:52:54","guid":{"rendered":"http:\/\/talleresalvaro.es\/?page_id=24"},"modified":"2018-09-14T10:52:54","modified_gmt":"2018-09-14T10:52:54","slug":"aviso-legal","status":"publish","type":"page","link":"https:\/\/talleresalvaro.es\/?page_id=24","title":{"rendered":"Aviso Legal"},"content":{"rendered":"\n<h2>Identificaci\u00f3n y Titularidad<\/h2>\n\n\n<p>\n\tEn cumplimiento del art\u00edculo 10 de la Ley 34\/2002, de 11 de julio, de Servicios de la Sociedad de la Informaci\u00f3n y Comercio Electr\u00f3nico, a continuaci\u00f3n se exponen los datos identificativos del titular.\n<\/p>\n\n\n<p>\n\t<ul>\n\t\t<li><b>Titular:<\/b> Talleres Alvaro, S.L.<\/li>\n\t\t<li><b>NIF\/CIF:<\/b> B39369764<\/li>\n\t\t<li><b>Domicilio:<\/b>  B\u00ba La Venta, S-12,  Cantabria - Espa\u00f1a.<\/li>\n\t\t<li><b>Correo electr\u00f3nico:<\/b> oficina@talleresalvaro.es<\/li>\n\t<\/ul>\n<\/p>\n\n<h2>Finalidad<\/h2>\n<p>\n\tLa finalidad del sitio web <a rel=\"nofollow\" href=\"https:\/\/talleresalvaro.es\">https:\/\/talleresalvaro.es<\/a> es La finalidad de este sitio web es la presentaci\u00f3n de los servicios profesionales que ofrece la empresa.\n<\/p>\n\n\n<h2>Condiciones de Uso<\/h2>\n<p>\n\tLa simple y mera utilizaci\u00f3n de la p\u00e1gina Web otorga la condici\u00f3n de Usuario de la p\u00e1gina, bien sea persona f\u00edsica o jur\u00eddica, y obligatoriamente implica la aceptaci\u00f3n completa, plena y sin reservas de todas y cada una de las cl\u00e1usulas y condiciones generales incluidas en el Aviso Legal. Si el Usuario no estuviera conforme con las cl\u00e1usulas y condiciones de uso de este Aviso Legal, se abstendr\u00e1 de utilizar la p\u00e1gina Web.\n<\/p>\n\n<p>\n\tEl Usuario queda informado, y acepta, que el acceso a la presente web no supone, en modo alguno, el inicio de una relaci\u00f3n comercial con Talleres Alvaro, S.L.. \n<\/p>\n\n<p>\n\tA trav\u00e9s de la p\u00e1gina Web el Talleres Alvaro, S.L. facilita al Usuario el acceso y la utilizaci\u00f3n de diversos Contenidos publicados por medio de Internet.\n<\/p>\n\n<p>\n\tA tal efecto, el Usuario se obliga y se compromete a NO utilizar cualquiera de los Contenidos con fines o efectos il\u00edcitos, prohibidos en el Aviso Legal o por la legislaci\u00f3n vigente, lesivos de los derechos e intereses de terceros, o que de cualquier forma puedan da\u00f1ar, inutilizar, sobrecargar, deteriorar o impedir la normal utilizaci\u00f3n de los Contenidos, los equipos inform\u00e1ticos o los documentos, archivos y toda clase de contenidos almacenados en cualquier equipo inform\u00e1tico propios o contratados por Talleres Alvaro, S.L., de otros usuarios o de cualquier usuario de Internet (hardware y software).\n<\/p>\n\n\n\n\n\n<h2>Medidas de seguridad<\/h2>\n\n<p>\n\tLos datos personales comunicados por el Usuario a Talleres Alvaro, S.L. pueden ser almacenados en bases de datos automatizadas o no, cuya titularidad corresponde en exclusiva a Talleres Alvaro, S.L., asumiendo \u00e9sta todas las medidas de \u00edndole t\u00e9cnica, organizativa y de seguridad que garantizan la confidencialidad, integridad y calidad de la informaci\u00f3n contenida en las mismas de acuerdo con lo establecido en la normativa vigente en protecci\u00f3n de datos. \n<\/p>\n<p>\n\tNo obstante, el Usuario debe ser consciente de que las medidas de seguridad de los sistemas inform\u00e1ticos en Internet no son enteramente fiables y que, por tanto Talleres Alvaro, S.L. no puede garantizar la inexistencia de malware u otros elementos que puedan producir alteraciones en los sistemas inform\u00e1ticos (software y hardware) del Usuario o en sus documentos electr\u00f3nicos y ficheros contenidos en los mismos aunque se ponen todos los medios necesarios y las medidas de seguridad oportunas para evitar la presencia de estos elementos da\u00f1inos.\n<\/p>\n\n\n<h2>Datos personales que recabamos y c\u00f3mo lo hacemos<\/h2>\n<p>\t\n\tPuedes consultar toda la informaci\u00f3n relativa a los datos personales que recogemos en la p\u00e1gina de <a href=\"https:\/\/talleresalvaro.es\/?page_id=12\" rel=\"nofollow\">pol\u00edtica de privacidad<\/a>.\n<\/p>\n\n<h2>Contenidos<\/h2>\n<p>\n\tTalleres Alvaro, S.L. ha obtenido la informaci\u00f3n y los materiales incluidos en la Web de fuentes consideradas como fiables, pero, si bien se han tomado medidas razonables para asegurarse de que la Informaci\u00f3n contenida sea correcta, Talleres Alvaro, S.L. no garantiza que sea exacta, completa, o actualizada. Talleres Alvaro, S.L. declina expresamente cualquier responsabilidad por error u omisi\u00f3n en la Informaci\u00f3n contenida en las p\u00e1ginas de esta Web.\n<\/p>\n\n<p>\n\tQueda prohibido transmitir o enviar a trav\u00e9s de la Web cualquier contenido ilegal o il\u00edcito, virus inform\u00e1ticos, o mensajes que, en general, afecten o violen derechos de\u00a0Talleres Alvaro, S.L. o de terceros.\n<\/p>\n\n<p>\n\tLos contenidos de esta Web tienen \u00fanicamente finalidad informativa y bajo ninguna circunstancia deben usarse ni considerarse como oferta de venta, solicitud de una oferta de compra ni recomendaci\u00f3n para realizar cualquier otra operaci\u00f3n, salvo que as\u00ed se indique expresamente.\n<\/p>\n\n<p>\n\tTalleres Alvaro, S.L. se reserva el derecho a modificar, suspender, cancelar o restringir el contenido de la Web, los v\u00ednculos o la informaci\u00f3n obtenida a trav\u00e9s de ella, sin necesidad de previo aviso.\n<\/p>\n\n<p>\n\tTalleres Alvaro, S.L.\u00a0no es responsable de los datos y perjuicios que pudieran derivarse de la utilizaci\u00f3n de los documentos por el Usuario.\n<\/p>\n\n\n<h2>Pol\u00edtica de cookies<\/h2>\n<p>\n\tPuede consultar aqu\u00ed <a rel=\"nofollow\" href=\"https:\/\/talleresalvaro.es\/?page_id=25\"> la pol\u00edtica de cookies<\/a>.\n<\/p>\n\n\n<h2>Enlaces de acceso a otros sitios web<\/h2>\n<p>\n\tTalleres Alvaro, S.L. proporciona al Usuario el acceso a otros sitios Web de terceras personas mediante links (enlaces) con la finalidad exclusiva de informarle sobre la existencia de otras fuentes de informaci\u00f3n en Internet con las que podr\u00e1 ampliar los datos que se le ofrecen en este sitio Web.\n<\/p>\n\n<p>\n\tEstos enlaces a otros sitios Web no suponen en ning\u00fan caso una sugerencia o recomendaci\u00f3n de visitar las p\u00e1ginas Web de destino, que se encuentran fuera del control de Talleres Alvaro, S.L., por lo que Talleres Alvaro, S.L. no es responsable del contenido de los sitios Web vinculados ni del resultado obtenido por el Usuario a trav\u00e9s de dichos enlaces hipertextuales.\n<\/p>\n\n<p>\n\tAsimismo, Talleres Alvaro, S.L. no responde de los links o enlaces ubicados en los sitios vinculados a los que proporciona acceso.\n<\/p>\n\n\n\n<h2>Propiedad intelectual e industrial <\/h2>\n<p>\n\tTodos los derechos est\u00e1n reservados. Todo acceso a esta p\u00e1gina Web est\u00e1 sujeto a las siguientes condiciones: la reproducci\u00f3n, almacenaje permanente y la difusi\u00f3n de los contenidos o cualquier otro uso que tenga finalidad p\u00fablica o comercial queda expresamente prohibida sin el consentimiento previo expreso y por escrito de Talleres Alvaro, S.L..\n<\/p>\n\n\n\n<h2>Limitaci\u00f3n de responsabilidad<\/h2>\n<p>\n\tLa informaci\u00f3n y servicios incluidos o disponibles a trav\u00e9s del sitio <a href=\"https:\/\/talleresalvaro.es\" rel=\"nofollow\">https:\/\/talleresalvaro.es<\/a> pueden incluir incorrecciones o errores tipogr\u00e1ficos. De forma peri\u00f3dica se incorporan cambios a la informaci\u00f3n contenida. Talleres Alvaro, S.L. puede introducir en cualquier momento mejoras y\/o cambios en los servicios o contenidos.\n<\/p>\n<p>\n\tTalleres Alvaro, S.L. declina cualquier responsabilidad en caso de que existan interrupciones o un mal funcionamiento de los servicios o contenidos ofrecidos en Internet, cualquiera que sea su causa. Asimismo, Talleres Alvaro, S.L. no se hace responsable por ca\u00eddas de la red, p\u00e9rdidas de negocio a consecuencia de dichas ca\u00eddas, suspensiones temporales de fluido el\u00e9ctrico o cualquier otro tipo de da\u00f1o indirecto que le pueda ser causado al Usuario por causas ajenas a Talleres Alvaro, S.L..\n<\/p>\n<p>\n\tTalleres Alvaro, S.L. no declara ni garantiza que los servicios o contenidos sean interrumpidos o que est\u00e9n libres de errores, que los defectos sean corregidos, o que el servicio o el servidor que lo pone a disposici\u00f3n est\u00e9n libres de virus u otros componentes nocivos sin perjuicio de que Talleres Alvaro, S.L. realiza sus mejores esfuerzos en evitar este tipo de incidentes. En caso de que el Usuario tomara determinadas decisiones o realizara acciones con base a la informaci\u00f3n incluida en cualquiera de los sitios Web, se recomienda la comprobaci\u00f3n de la informaci\u00f3n recibida con otras fuentes.\n<\/p>\n\n<h2>Derecho de exclusi\u00f3n<\/h2>\n\tTalleres Alvaro, S.L. se reserva el derecho a denegar o retirar el acceso a portal y\/o los servicios ofrecidos sin necesidad de preaviso, a instancia propia o de un tercero, a aquellos usuarios que incumplan las presentes Condiciones Generales de Uso.\n\n\n\n<h2>Juridiscci\u00f3n<\/h2>\n<p>\n\tPara cuantas cuestiones se susciten sobre la interpretaci\u00f3n, aplicaci\u00f3n y cumplimiento de este Aviso Legal, as\u00ed como de las reclamaciones que puedan derivarse de su uso, todos las partes intervinientes se someten a los Jueces y Tribunales de la provincia de Cantabria, renunciando de forma expresa a cualquier otro fuero que pudiera corresponderles.\n<\/p>\n\n<h2>Contacto<\/h2>\n<p>\n\tEn caso de que cualquier Usuario tuviese alguna duda acerca de estas Condiciones legales o cualquier comentario sobre el portal <a href=\"https:\/\/talleresalvaro.es\" rel=\"nofollow\">https:\/\/talleresalvaro.es<\/a>, puede enviar un correo a oficina@talleresalvaro.es. \n<\/p>\n\n\n\n","protected":false},"excerpt":{"rendered":"<p>Identificaci\u00f3n y Titularidad En cumplimiento del art\u00edculo 10 de la Ley 34\/2002, de 11 de julio, de Servicios de la Sociedad de la Informaci\u00f3n y Comercio Electr\u00f3nico, a continuaci\u00f3n se exponen los datos identificativos del titular. Titular: Talleres Alvaro, S.L. NIF\/CIF: B39369764 Domicilio: B\u00ba La Venta, S-12, Cantabria &#8211; Espa\u00f1a. Correo electr\u00f3nico: oficina@talleresalvaro.es Finalidad La [&hellip;]<\/p>\n","protected":false},"author":1,"featured_media":0,"parent":0,"menu_order":0,"comment_status":"closed","ping_status":"closed","template":"","meta":[],"_links":{"self":[{"href":"https:\/\/talleresalvaro.es\/index.php?rest_route=\/wp\/v2\/pages\/24"}],"collection":[{"href":"https:\/\/talleresalvaro.es\/index.php?rest_route=\/wp\/v2\/pages"}],"about":[{"href":"https:\/\/talleresalvaro.es\/index.php?rest_route=\/wp\/v2\/types\/page"}],"author":[{"embeddable":true,"href":"https:\/\/talleresalvaro.es\/index.php?rest_route=\/wp\/v2\/users\/1"}],"replies":[{"embeddable":true,"href":"https:\/\/talleresalvaro.es\/index.php?rest_route=%2Fwp%2Fv2%2Fcomments&post=24"}],"version-history":[{"count":0,"href":"https:\/\/talleresalvaro.es\/index.php?rest_route=\/wp\/v2\/pages\/24\/revisions"}],"wp:attachment":[{"href":"https:\/\/talleresalvaro.es\/index.php?rest_route=%2Fwp%2Fv2%2Fmedia&parent=24"}],"curies":[{"name":"wp","href":"https:\/\/api.w.org\/{rel}","templated":true}]}}