{"id":295,"date":"2018-09-21T10:25:11","date_gmt":"2018-09-21T10:25:11","guid":{"rendered":"http:\/\/talleresalvaro.es\/?page_id=295"},"modified":"2018-09-21T11:27:58","modified_gmt":"2018-09-21T11:27:58","slug":"historia","status":"publish","type":"page","link":"https:\/\/talleresalvaro.es\/?page_id=295","title":{"rendered":"Historia"},"content":{"rendered":"<p style=\"text-align: justify;\">Talleres \u00c1lvaro nace en 1995 y cuenta con m\u00e1s de 20 a\u00f1os de experiencia en el sector.&nbsp;<\/p>\n<p style=\"text-align: justify;\">Llevamos a cabo un proyecto de empresa cuyos objetivos son la calidad, fiabilidad, seriedad, adaptaci\u00f3n y superaci\u00f3n. Contamos con una amplia experiencia laboral y un curriculum excepcional. Abarcamos un gran segmento de mercado, dado que trabajamos tanto a nivel particular como empresarial, con Ayuntamientos y con empresas de \u00e1mbito estatal.<\/p>\n<p style=\"text-align: justify;\">Disponemos de la maquinaria necesaria para ofrecer a nuestros clientes todo tipo de soluciones adaptadas a sus necesidades. tanto para la fabricaci\u00f3n (plegadoras, cizallas, punzonadoras\u2026), como para la instalaci\u00f3n de nuestros trabajos (plataforma elevadora, cami\u00f3n con pluma, carretillas, remolques&#8230;).<\/p>\n<p style=\"text-align: justify;\">Puede encontrar todos los servicios que realizamos en esta pagina. Ofrecemos a las industrias la posibilidad de solucionar todo tipo de necesidades de cubiertas, ventilaciones, reparaciones de maquinas, suportaci\u00f3n de tuber\u00edas, bridas, etc.&nbsp;<\/p>\n<p style=\"text-align: justify;\">Para la construcci\u00f3n ofrecemos piezas a medida en acero y acero inoxidable, reparaci\u00f3n de maquinaria pesada, barandas, verjas, moldes, soportes, anclajes, etc.&nbsp;<\/p>\n<p style=\"text-align: justify;\">realizamos encargos especiales y\/o artesanales para decoraci\u00f3n y arte, trabajos demandados especialmente por escultores, decoradores, arquitectos&#8230; As\u00ed como restauraci\u00f3n de art\u00edculos met\u00e1licos deteriorados.&nbsp;<\/p>\n<p style=\"text-align: justify;\">Disponemos de un departamento t\u00e9cnico con amplia experiencia, tanto en el desarrollo de proyectos para estructuras met\u00e1licas como para todo tipo de instalaciones industriales y de edificaci\u00f3n.&nbsp;<\/p>\n<p style=\"text-align: justify;\">Especialistas en: Dise\u00f1o, planificaci\u00f3n y realizaci\u00f3n tanto de proyectos propios como de nuestros clientes. ofrecemos la posibilidad de realizar planos, despieces de maquinaria, dise\u00f1o de piezas para corte por l\u00e1ser, c\u00e1lculos tanto para estructuras met\u00e1lica como en la realizaci\u00f3n y desarrollo de piezas y objetos que precisen.&nbsp;<\/p>\n<p>&nbsp;<\/p>\n","protected":false},"excerpt":{"rendered":"<p>Talleres \u00c1lvaro nace en 1995 y cuenta con m\u00e1s de 20 a\u00f1os de experiencia en el sector.&nbsp; Llevamos a cabo un proyecto de empresa cuyos objetivos son la calidad, fiabilidad, seriedad, adaptaci\u00f3n y superaci\u00f3n. Contamos con una amplia experiencia laboral y un curriculum excepcional. Abarcamos un gran segmento de mercado, dado que trabajamos tanto a [&hellip;]<\/p>\n","protected":false},"author":1,"featured_media":0,"parent":0,"menu_order":0,"comment_status":"closed","ping_status":"closed","template":"","meta":[],"_links":{"self":[{"href":"https:\/\/talleresalvaro.es\/index.php?rest_route=\/wp\/v2\/pages\/295"}],"collection":[{"href":"https:\/\/talleresalvaro.es\/index.php?rest_route=\/wp\/v2\/pages"}],"about":[{"href":"https:\/\/talleresalvaro.es\/index.php?rest_route=\/wp\/v2\/types\/page"}],"author":[{"embeddable":true,"href":"https:\/\/talleresalvaro.es\/index.php?rest_route=\/wp\/v2\/users\/1"}],"replies":[{"embeddable":true,"href":"https:\/\/talleresalvaro.es\/index.php?rest_route=%2Fwp%2Fv2%2Fcomments&post=295"}],"version-history":[{"count":3,"href":"https:\/\/talleresalvaro.es\/index.php?rest_route=\/wp\/v2\/pages\/295\/revisions"}],"predecessor-version":[{"id":310,"href":"https:\/\/talleresalvaro.es\/index.php?rest_route=\/wp\/v2\/pages\/295\/revisions\/310"}],"wp:attachment":[{"href":"https:\/\/talleresalvaro.es\/index.php?rest_route=%2Fwp%2Fv2%2Fmedia&parent=295"}],"curies":[{"name":"wp","href":"https:\/\/api.w.org\/{rel}","templated":true}]}}