{"id":92,"date":"2018-09-16T16:57:44","date_gmt":"2018-09-16T16:57:44","guid":{"rendered":"http:\/\/talleresalvaro.es\/?page_id=92"},"modified":"2018-09-16T16:57:44","modified_gmt":"2018-09-16T16:57:44","slug":"empresa-y-servicios","status":"publish","type":"page","link":"https:\/\/talleresalvaro.es\/?page_id=92","title":{"rendered":"Empresa y servicios"},"content":{"rendered":"\n<p>Aqu\u00ed se colocar\u00e1 una descripci\u00f3n de la empresa y los servicios que se prestan<\/p>\n","protected":false},"excerpt":{"rendered":"<p>Aqu\u00ed se colocar\u00e1 una descripci\u00f3n de la empresa y los servicios que se prestan<\/p>\n","protected":false},"author":1,"featured_media":0,"parent":0,"menu_order":0,"comment_status":"closed","ping_status":"closed","template":"","meta":[],"_links":{"self":[{"href":"https:\/\/talleresalvaro.es\/index.php?rest_route=\/wp\/v2\/pages\/92"}],"collection":[{"href":"https:\/\/talleresalvaro.es\/index.php?rest_route=\/wp\/v2\/pages"}],"about":[{"href":"https:\/\/talleresalvaro.es\/index.php?rest_route=\/wp\/v2\/types\/page"}],"author":[{"embeddable":true,"href":"https:\/\/talleresalvaro.es\/index.php?rest_route=\/wp\/v2\/users\/1"}],"replies":[{"embeddable":true,"href":"https:\/\/talleresalvaro.es\/index.php?rest_route=%2Fwp%2Fv2%2Fcomments&post=92"}],"version-history":[{"count":1,"href":"https:\/\/talleresalvaro.es\/index.php?rest_route=\/wp\/v2\/pages\/92\/revisions"}],"predecessor-version":[{"id":93,"href":"https:\/\/talleresalvaro.es\/index.php?rest_route=\/wp\/v2\/pages\/92\/revisions\/93"}],"wp:attachment":[{"href":"https:\/\/talleresalvaro.es\/index.php?rest_route=%2Fwp%2Fv2%2Fmedia&parent=92"}],"curies":[{"name":"wp","href":"https:\/\/api.w.org\/{rel}","templated":true}]}}